{"id":8,"date":"2017-05-31T00:10:13","date_gmt":"2017-05-31T00:10:13","guid":{"rendered":"http:\/\/kristina-bruns.de\/?page_id=8"},"modified":"2017-06-13T21:33:13","modified_gmt":"2017-06-13T21:33:13","slug":"kontakt","status":"publish","type":"page","link":"https:\/\/kristina-bruns.de\/?page_id=8","title":{"rendered":"Kontakt"},"content":{"rendered":"<p><img loading=\"lazy\" decoding=\"async\" class=\"wp-image-115 alignleft\" src=\"https:\/\/kristina-bruns.de\/wp-content\/uploads\/2017\/05\/kontakt_kb.jpg\" alt=\"kontakt_kb\" width=\"248\" height=\"268\" \/><\/p>\n<p>&nbsp;<\/p>\n<p>Sie erreichen mich Montags bis Freitags von 11-18 Uhr unter:<\/p>\n<p>0163\/4652329<\/p>\n<p>oder per E-Mail:<\/p>\n<p>kristina.bruns at fotostudio-witten.de<\/p>\n<p>Jede Kontaktaufnahme wird innerhalb von 24 Stunden beantwortet (Mo-Fr 11-18 Uhr). Sollten sie das Gef\u00fchl haben ich h\u00e4tte eine Kontaktaufnahme nicht wahrgenommen, f\u00fchlen Sie sich frei, mich nochmals zu erinnern.<\/p>\n<p>Ich freue mich darauf, von Ihnen zu h\u00f6ren oder lesen.<\/p>\n<p><span style=\"border-radius: 2px; text-indent: 20px; width: auto; padding: 0px 4px 0px 0px; text-align: center; font: bold 11px\/20px 'Helvetica Neue',Helvetica,sans-serif; color: #ffffff; background: #bd081c no-repeat scroll 3px 50% \/ 14px 14px; position: absolute; opacity: 1; z-index: 8675309; display: none; cursor: pointer; top: 44px; left: 20px;\">Merken<\/span><\/p>\n<p><span style=\"border-radius: 2px; text-indent: 20px; width: auto; padding: 0px 4px 0px 0px; text-align: center; font: bold 11px\/20px 'Helvetica Neue',Helvetica,sans-serif; color: #ffffff; background: #bd081c no-repeat scroll 3px 50% \/ 14px 14px; position: absolute; opacity: 1; z-index: 8675309; display: none; cursor: pointer; top: 44px; left: 20px;\">Merken<\/span><\/p>\n<p><span style=\"border-radius: 2px; text-indent: 20px; width: auto; padding: 0px 4px 0px 0px; text-align: center; font: bold 11px\/20px 'Helvetica Neue',Helvetica,sans-serif; color: #ffffff; background: #bd081c  no-repeat scroll 3px 50% \/ 14px 14px; position: absolute; opacity: 1; z-index: 8675309; display: none; cursor: pointer;\">Merken<\/span><\/p>\n","protected":false},"excerpt":{"rendered":"<p>&nbsp; Sie erreichen mich Montags bis Freitags von 11-18 Uhr unter: 0163\/4652329 oder per E-Mail: kristina.bruns at fotostudio-witten.de Jede Kontaktaufnahme wird innerhalb von 24 Stunden beantwortet (Mo-Fr 11-18 Uhr). Sollten sie das Gef\u00fchl haben ich h\u00e4tte eine Kontaktaufnahme nicht wahrgenommen, f\u00fchlen Sie sich frei, mich nochmals zu erinnern. Ich freue mich darauf, von Ihnen zu [&hellip;]<\/p>\n","protected":false},"author":1,"featured_media":115,"parent":0,"menu_order":0,"comment_status":"closed","ping_status":"closed","template":"","meta":{"footnotes":""},"class_list":["post-8","page","type-page","status-publish","has-post-thumbnail","czr-hentry"],"_links":{"self":[{"href":"https:\/\/kristina-bruns.de\/index.php?rest_route=\/wp\/v2\/pages\/8","targetHints":{"allow":["GET"]}}],"collection":[{"href":"https:\/\/kristina-bruns.de\/index.php?rest_route=\/wp\/v2\/pages"}],"about":[{"href":"https:\/\/kristina-bruns.de\/index.php?rest_route=\/wp\/v2\/types\/page"}],"author":[{"embeddable":true,"href":"https:\/\/kristina-bruns.de\/index.php?rest_route=\/wp\/v2\/users\/1"}],"replies":[{"embeddable":true,"href":"https:\/\/kristina-bruns.de\/index.php?rest_route=%2Fwp%2Fv2%2Fcomments&post=8"}],"version-history":[{"count":6,"href":"https:\/\/kristina-bruns.de\/index.php?rest_route=\/wp\/v2\/pages\/8\/revisions"}],"predecessor-version":[{"id":126,"href":"https:\/\/kristina-bruns.de\/index.php?rest_route=\/wp\/v2\/pages\/8\/revisions\/126"}],"wp:featuredmedia":[{"embeddable":true,"href":"https:\/\/kristina-bruns.de\/index.php?rest_route=\/wp\/v2\/media\/115"}],"wp:attachment":[{"href":"https:\/\/kristina-bruns.de\/index.php?rest_route=%2Fwp%2Fv2%2Fmedia&parent=8"}],"curies":[{"name":"wp","href":"https:\/\/api.w.org\/{rel}","templated":true}]}}