{"id":73,"date":"2017-06-01T21:43:24","date_gmt":"2017-06-01T21:43:24","guid":{"rendered":"http:\/\/kristina-bruns.de\/?page_id=73"},"modified":"2017-06-13T21:37:04","modified_gmt":"2017-06-13T21:37:04","slug":"datenschutzerklaerung","status":"publish","type":"page","link":"https:\/\/kristina-bruns.de\/?page_id=73","title":{"rendered":"Datenschutzerkl\u00e4rung"},"content":{"rendered":"<div class=\"wrapper clearfix\">\n<div class=\"col grid12\">\n<h2>1. Datenschutzerkl\u00e4rung<\/h2>\n<p>Vielen Dank f\u00fcr Ihr Interesse an unserem Onlineauftritt. Der Schutz Ihrer pers\u00f6nlichen Daten liegt uns sehr am Herzen. An dieser Stelle m\u00f6chten wir Sie daher \u00fcber den Datenschutz in unserem Unternehmen informieren. Selbstverst\u00e4ndlich beachten wir die gesetzlichen Bestimmungen des Datenschutzgesetzes (BDSG), des Telemediengesetzes (TMG) und anderer datenschutzrechtlicher Bestimmungen.<\/p>\n<p>Unternehmensintern ist uns der Datenschutz ebenfalls ein gro\u00dfes Anliegen. Unsere Mitarbeiter und die von uns beauftragten Dienstleistungsunternehmen sind von uns zur Geheimhaltung und Verschwiegenheit sowie zur Einhaltung der datenschutzrechtlichen Bestimmungen explizit verpflichtet worden.<\/p>\n<p>Ihre pers\u00f6nlichen Daten werden durch digitale Sicherheitssysteme an uns \u00fcbertragen. Unsere Website ist durch technische Ma\u00dfnahmen gegen Besch\u00e4digungen, Zerst\u00f6rung oder unberechtigten Zugriff gesch\u00fctzt.<\/p>\n<h3>1.1 Geltungsbereich &amp; Datenschutzbeauftragter<\/h3>\n<p>Diese Datenschutzerkl\u00e4rung kl\u00e4rt Nutzer \u00fcber die Art, den Umfang und Zwecke der Erhebung und die Verwendung personenbezogener Daten dieser Website auf.<br \/>\nDer Anbieter ist:<br \/>\nFrau Kristina Bruns<br \/>\nBeethovenstrasse 3<br \/>\n58452 Witten<\/p>\n<h2>2. Gegenstand des Datenschutzes<\/h2>\n<p>Gegenstand des Datenschutzes sind personenbezogene Daten. Diese sind nach \u00a7 3 Abs. 1 BDSG Einzelangaben \u00fcber pers\u00f6nliche oder sachliche Verh\u00e4ltnisse einer bestimmten oder bestimmbaren nat\u00fcrlichen Person. Hierunter fallen z. B. Angaben wie Name, Anschrift, E-Mail-Adresse oder Telefonnummer. Entsprechend einiger Gerichtsentscheidungen fallen hierunter aber auch Nutzungsdaten wie die IP-Adresse.<\/p>\n<h2>3. Datenerhebung und \u2013speicherung<\/h2>\n<h3>3.1 Nutzungsdaten<\/h3>\n<p>Beim Besuch unserer Website sendet Ihr Browser automatisch Daten an unseren Webserver, die in sogenannten Server-Log Files gespeichert werden. Dies sind im Einzelnen:<\/p>\n<ul>\n<li>Browsertyp\/ -version<\/li>\n<li>verwendetes Betriebssystem<\/li>\n<li>Referrer URL (die zuvor besuchte Seite)<\/li>\n<li>Die aufgerufene Datei<\/li>\n<li>Hostname des zugreifenden Rechners (IP Adresse)<\/li>\n<li>Datum und Uhrzeit der Anfrage<\/li>\n<li>Bildschirm-Aufl\u00f6sung<\/li>\n<\/ul>\n<p>Diese Daten sind nicht bestimmten Personen zuzuordnen. Eine Zusammenf\u00fchrung dieser Daten mit anderen Datenquellen wird nicht vorgenommen. Die Daten dienen der statistischen Auswertung oder zur Analyse von Fehlfunktionen der Website.<\/p>\n<h3>3.2 Personenbezogene Daten<\/h3>\n<p>Im Allgemeinen ist es f\u00fcr die Nutzung unserer Website nicht erforderlich, dass Sie personenbezogene Daten angeben. Damit wir unsere Dienstleistungen aber tats\u00e4chlich erbringen k\u00f6nnen, ben\u00f6tigen wir ggfs. Ihre personenbezogenen Daten. Dies gilt sowohl f\u00fcr die Zusendung von Informationsmaterial als auch f\u00fcr die Beantwortung individueller Anfragen.<\/p>\n<p>Wenn Sie uns mit der Erbringung einer Dienstleistung beauftragen, erheben und speichern wir Ihre pers\u00f6nlichen Daten grunds\u00e4tzlich nur, soweit es f\u00fcr die Erbringung der Dienstleistung oder die Durchf\u00fchrung des Vertrages notwendig ist. Dazu kann es erforderlich sein, Ihre pers\u00f6nlichen Daten an Unternehmen weiterzugeben, die wir zur Erbringung der Dienstleistung oder zur Vertragsabwicklung einsetzen. Dies sind z. B. Transportunternehmen oder andere Service-Dienstleister.<\/p>\n<p>Falls wir eine der nachfolgend beschriebenen oder sonstige Handlungen vornehmen oder Leistungen erbringen, werden wir Ihre personenbezogenen Daten erheben und speichern nachdem wir Sie an der entsprechenden Stelle unserer Website um Ihre ausdr\u00fcckliche Einwilligung ersucht haben:<\/p>\n<ul>\n<li>Zusendung des Newsletters<\/li>\n<li>Beantwortung individueller Anfragen (z.B. Kontaktanfragen \u00fcber unser Kontaktformular)<\/li>\n<li>Personalisierung unserer Website<\/li>\n<li>weitere Dienste und Angebote, f\u00fcr deren Datenerhebung Ihre ausdr\u00fcckliche Einwilligung erforderlich ist.<\/li>\n<\/ul>\n<p>Nach vollst\u00e4ndiger Vertrags- bzw. Vorgangsabwicklung werden Ihre Daten gesperrt und nach Ablauf der steuer- und handelsrechtlichen Vorschriften gel\u00f6scht, sofern Sie nicht ausdr\u00fccklich einer dar\u00fcber hinausgehenden Datenverwendung zugestimmt haben. Wenn Sie sich mit Ihrer E-Mail-Adresse f\u00fcr unseren Newsletter angemeldet haben, nutzen wir Ihre E-Mail-Adresse auch \u00fcber die Vertragsdurchf\u00fchrung hinaus f\u00fcr eigene Werbezwecke, bis Sie sich vom Newsletter-Bezug abmelden.<\/p>\n<h2>4. Zweckgebundene Datenverwendung<\/h2>\n<p>Wir beachten den Grundsatz der zweckgebundenen Datenverwendung und erheben, verarbeiten und speichern Ihre personenbezogenen Daten nur f\u00fcr die Zwecke, f\u00fcr die Sie uns diese mitgeteilt haben.<\/p>\n<h3>4.1 Weitergabe an Dritte<\/h3>\n<p>Eine Weitergabe Ihrer pers\u00f6nlichen Daten an Dritte erfolgt ohne Ihre ausdr\u00fcckliche Einwilligung nicht, sofern dies nicht zur Erbringung der Dienstleistung oder zur Vertragsdurchf\u00fchrung notwendig ist.<\/p>\n<p>Auch die \u00dcbermittlung an auskunftsberechtigte staatliche Institutionen und Beh\u00f6rden erfolgt nur im Rahmen der gesetzlichen Auskunftspflichten oder wenn wir durch eine gerichtliche Entscheidung zur Auskunft verpflichtet werden.<\/p>\n<h2>5. Cookies<\/h2>\n<p>Diese Website verwendet Cookies. Hierbei handelt es sich um Textdateien, die auf Ihrem Computer abgelegt werden und vom Browser gespeichert werden. Sie dienen dazu unser Online-Angebot nutzerfreundlicher, effektiver und sicherer zu machen. Die meisten der von uns verwendeten Cookies sind so genannte \u201eSession-Cookies\u201c. Sie werden nach Ende Ihres Besuchs automatisch gel\u00f6scht.<\/p>\n<p>Selbstverst\u00e4ndlich k\u00f6nnen Sie unsere Website auch ohne Cookies betrachten. Wenn Sie nicht m\u00f6chten, dass wir Ihren Computer wiedererkennen, k\u00f6nnen Sie das Speichern von Cookies auf Ihrer Festplatte verhindern, indem Sie in Ihren Browser-Einstellungen \u201ekeine Cookies akzeptieren\u201c w\u00e4hlen. Wie das im Einzelnen funktioniert, entnehmen Sie bitte der Anleitung Ihres Browser-Herstellers.<\/p>\n<p>Beachten Sie bitte, dass, wenn Sie keine Cookies akzeptieren, dies unter Umst\u00e4nden zu Funktions- und Komforteinschr\u00e4nkungen bei der Benutzung der Website (z.B. bei Formulareingaben) f\u00fchren kann.<\/p>\n<h2>6. Newsletter<\/h2>\n<p>Wenn Sie den Newsletter empfangen m\u00f6chten, ben\u00f6tigen wir von Ihnen eine valide E-Mail-Adresse sowie Informationen, die uns die \u00dcberpr\u00fcfung gestatten, dass Sie der Inhaber der angegebenen E-Mail-Adresse sind bzw. deren Inhaber mit dem Empfang des Newsletters einverstanden ist. Weitere Daten werden nicht erhoben. Diese Daten werden nur f\u00fcr den Versand der Newsletter verwendet und werden nicht an Dritte weiter gegeben, sofern dies nicht f\u00fcr den Versand des Newsletters erforderlich ist.<\/p>\n<p>Die Anmeldung zum Newsletter erfolgt im sogenannten Double-Opt-In-Verfahren, bei dem neben der eigentlichen Anmeldung zum Newsletter eine separate Best\u00e4tigung per E-Mail eingeholt wird, um den Missbrauch fremder E-Mail-Adressen zu erschweren.<\/p>\n<p>Mit der Anmeldung zum Newsletter speichern wir Ihre IP-Adresse und das Datum der Anmeldung. Diese Speicherung dient alleine dem Nachweis im Fall, dass ein Dritter eine E-Mail-Adresse missbraucht und sich ohne Wissen des Berechtigten f\u00fcr den Empfang des Newsletters anmeldet.<\/p>\n<p>Ihre Einwilligung zur Speicherung der Daten, der E-Mail-Adresse sowie deren Nutzung zum Versand des Newsletters k\u00f6nnen Sie jederzeit widerrufen. Der Widerruf kann \u00fcber einen Link in den Newslettern selbst oder per Mitteilung an die oben stehende Kontaktm\u00f6glichkeit erfolgen.<\/p>\n<h2>7. Google Analytics<\/h2>\n<p>Diese Website benutzt Google Analytics, einen Webanalysedienst der Google Inc. (\u201eGoogle\u201c). Google Analytics verwendet sog. \u201eCookies\u201c, Textdateien, die auf Ihrem Computer gespeichert werden und die eine Analyse der Benutzung der Website durch Sie erm\u00f6glichen. Die durch den Cookie erzeugten Informationen \u00fcber Ihre Benutzung dieser Website werden in der Regel an einen Server von Google in den USA \u00fcbertragen und dort gespeichert. Im Falle der Aktivierung der IP-Anonymisierung auf dieser Webseite, wird Ihre IP-Adresse von Google jedoch innerhalb von Mitgliedstaaten der Europ\u00e4ischen Union oder in anderen Vertragsstaaten des Abkommens \u00fcber den Europ\u00e4ischen Wirtschaftsraum zuvor gek\u00fcrzt. Nur in Ausnahmef\u00e4llen wird die volle IP-Adresse an einen Server von Google in den USA \u00fcbertragen und dort gek\u00fcrzt. Im Auftrag des Betreibers dieser Website wird Google diese Informationen benutzen, um Ihre Nutzung der Website auszuwerten, um Reports \u00fcber die Websiteaktivit\u00e4ten zusammenzustellen und um weitere mit der Websitenutzung und der Internetnutzung verbundene Dienstleistungen gegen\u00fcber dem Websitebetreiber zu erbringen. Die im Rahmen von Google Analytics von Ihrem Browser \u00fcbermittelte IP-Adresse wird nicht mit anderen Daten von Google zusammengef\u00fchrt. Sie k\u00f6nnen die Speicherung der Cookies durch eine entsprechende Einstellung Ihrer Browser-Software verhindern; wir weisen Sie jedoch darauf hin, dass Sie in diesem Fall gegebenenfalls nicht s\u00e4mtliche Funktionen dieser Website vollumf\u00e4nglich werden nutzen k\u00f6nnen. Sie k\u00f6nnen dar\u00fcber hinaus die Erfassung der durch das Cookie erzeugten und auf Ihre Nutzung der Website bezogenen Daten (inkl. Ihrer IP-Adresse) an Google sowie die Verarbeitung dieser Daten durch Google verhindern, indem sie das unter dem folgenden Link (<a href=\"http:\/\/tools.google.com\/dlpage\/gaoptout?hl=de\">http:\/\/tools.google.com\/dlpage\/gaoptout?hl=de<\/a>) verf\u00fcgbare Browser-Plugin herunterladen und installieren.<\/p>\n<p>Sie k\u00f6nnen die Erfassung durch Google Analytics verhindern, indem Sie auf folgenden Link klicken. Es wird ein Opt-Out-Cookie gesetzt, das die zuk\u00fcnftige Erfassung Ihrer Daten beim Besuch dieser Website verhindert: <a>Google Analytics deaktivieren<\/a><\/p>\n<p>N\u00e4here Informationen zu Nutzungsbedingungen und Datenschutz finden Sie unter <a href=\"http:\/\/www.google.com\/analytics\/terms\/de.html\">http:\/\/www.google.com\/analytics\/terms\/de.html<\/a> bzw. unter <a href=\"https:\/\/www.google.com\/analytics\/learn\/privacy.html\">https:\/\/www.google.com\/analytics\/learn\/privacy.html<\/a>. Wir weisen Sie darauf hin, dass auf dieser Webseite Google Analytics um den Code \u201e<code>gat._anonymizeIp();<\/code>\u201c erweitert wurde, um eine anonymisierte Erfassung von IP-Adressen (sog. IP-Masking) zu gew\u00e4hrleisten.<\/p>\n<h2>8. Soziale Netzwerke<\/h2>\n<p>Unser Interauftritt verzichtet bewusst auf die Integration sogenannter Social-Media-Plugins, wie dem Facebook-Like-Button, dem Twitter Retweet-Button oder Googles +1-Button. Daher kommt es zu keiner Zeit zu einer \u00dcbertragung von personenbezogenen Daten an soziale Netzwerke.<\/p>\n<p>Die Anbindung an soziale Netzwerke beschr\u00e4nkt sich auf eine Empfehlen- bzw. Teilen-Funktion, die der Nutzer explizit ausl\u00f6sen muss und bei der nur der aktuelle URL inklusive dem Seitentitel \u00fcbertragen wird.<\/p>\n<h2>9. Auskunfts- und Widerrufsrecht<\/h2>\n<p>Sie k\u00f6nnen jederzeit ohne Angabe von Gr\u00fcnden kostenfrei Auskunft \u00fcber Ihre bei uns gespeicherten Daten erhalten. Sie k\u00f6nnen jederzeit Ihre durch uns erhobenen Daten sperren, berichtigen oder l\u00f6schen lassen. Auch k\u00f6nnen Sie jederzeit die uns erteilte Einwilligung zur Datenerhebung und Verwendung ohne Angaben von Gr\u00fcnden widerrufen. Wenden Sie sich hierzu bitte an die oben angegebene Kontaktadresse.<\/p>\n<p>Unser oben genannter Datenschutzbeauftragter steht Ihnen jederzeit gern f\u00fcr weitergehende Fragen zu unserer Datenschutzerkl\u00e4rung und zur Verarbeitung Ihrer pers\u00f6nlichen Daten zur Verf\u00fcgung.<\/p>\n<p>Beachten sie, dass sich Datenschutzbestimmungen und Handhabungen zum Datenschutz, z. B. bei Google Inc., laufend \u00e4ndern k\u00f6nnen. Es ist daher ratsam und erforderlich, sich \u00fcber Ver\u00e4nderungen der gesetzlichen Bestimmungen und der Praxis von Unternehmen, z. B. Google Inc., laufend zu informieren.<\/p>\n<h2>Datenschutzbeauftragter<\/h2>\n<p>Wenn Sie weitergehende Fragen zu unseren Hinweisen zum Datenschutz und zur Verarbeitung Ihrer pers\u00f6nlichen Daten haben, k\u00f6nnen Sie sich direkt an unsere Datenschutzbeauftragten wenden:<\/p>\n<address>Kristina Bruns<br \/>\nBeethovenstrasse 3<br \/>\n584562Witten<br \/>\n<a href=\"http:\/\/www.fotostudio-witten.de\/\">www.fotostudio-witten.de<\/a><\/address>\n<address>Telefon:02302\/1787070<br \/>\nMobil: 0163\/4652329E-Mail: <a href=\"mailto:kristina.bruns@fotostudio-witten.de\">kristina.bruns at fotostudio-witten.de<\/a><\/p>\n<\/address>\n<p>Er steht Ihnen auch im Falle von Auskunftsersuchen, Anregungen oder bei Beschwerden als Ansprechpartner zur Verf\u00fcgung.<\/p>\n<p>&nbsp;<\/p>\n<p><strong><em>Stand:09.Dezember 2014<\/em><\/strong><\/p>\n<\/div>\n<\/div>\n","protected":false},"excerpt":{"rendered":"<p>1. Datenschutzerkl\u00e4rung Vielen Dank f\u00fcr Ihr Interesse an unserem Onlineauftritt. Der Schutz Ihrer pers\u00f6nlichen Daten liegt uns sehr am Herzen. An dieser Stelle m\u00f6chten wir Sie daher \u00fcber den Datenschutz in unserem Unternehmen informieren. Selbstverst\u00e4ndlich beachten wir die gesetzlichen Bestimmungen des Datenschutzgesetzes (BDSG), des Telemediengesetzes (TMG) und anderer datenschutzrechtlicher Bestimmungen. Unternehmensintern ist uns der Datenschutz [&hellip;]<\/p>\n","protected":false},"author":1,"featured_media":0,"parent":0,"menu_order":0,"comment_status":"closed","ping_status":"closed","template":"","meta":{"footnotes":""},"class_list":["post-73","page","type-page","status-publish","czr-hentry"],"_links":{"self":[{"href":"https:\/\/kristina-bruns.de\/index.php?rest_route=\/wp\/v2\/pages\/73","targetHints":{"allow":["GET"]}}],"collection":[{"href":"https:\/\/kristina-bruns.de\/index.php?rest_route=\/wp\/v2\/pages"}],"about":[{"href":"https:\/\/kristina-bruns.de\/index.php?rest_route=\/wp\/v2\/types\/page"}],"author":[{"embeddable":true,"href":"https:\/\/kristina-bruns.de\/index.php?rest_route=\/wp\/v2\/users\/1"}],"replies":[{"embeddable":true,"href":"https:\/\/kristina-bruns.de\/index.php?rest_route=%2Fwp%2Fv2%2Fcomments&post=73"}],"version-history":[{"count":3,"href":"https:\/\/kristina-bruns.de\/index.php?rest_route=\/wp\/v2\/pages\/73\/revisions"}],"predecessor-version":[{"id":128,"href":"https:\/\/kristina-bruns.de\/index.php?rest_route=\/wp\/v2\/pages\/73\/revisions\/128"}],"wp:attachment":[{"href":"https:\/\/kristina-bruns.de\/index.php?rest_route=%2Fwp%2Fv2%2Fmedia&parent=73"}],"curies":[{"name":"wp","href":"https:\/\/api.w.org\/{rel}","templated":true}]}}