{"id":7,"date":"2017-05-31T00:10:13","date_gmt":"2017-05-31T00:10:13","guid":{"rendered":"http:\/\/kristina-bruns.de\/?page_id=7"},"modified":"2025-11-15T03:07:23","modified_gmt":"2025-11-15T03:07:23","slug":"zu-mir","status":"publish","type":"page","link":"https:\/\/kristina-bruns.de\/?page_id=7","title":{"rendered":"Zu mir"},"content":{"rendered":"<div id=\"content\" class=\"page-wrap\">\n<div class=\"container content-wrapper\">\n<div class=\"row\">\n<div id=\"primary\" class=\"content-area\">\n<article id=\"post-11\" class=\"post-11 page type-page status-publish hentry\">\n<div class=\"entry-content jpibfi_container\">\n<h4>Das bin ich:<\/h4>\n<p>Meine Lieblingsfarbe ist petrol. Ich liebe den Geruch von nassem Asphalt nach dem Regen, wenn die Sonne beginnt ihn zu trocknen. Bin Freundin, Schwester, Enkelin und Tochter. Lache und weine, aber lache devinitiv mehr, als ich weine. Ich bin leise und ich bin laut. Ich habe gelernt mich zu nehmen wie ich bin und es zu lieben &#8211; alles daran.<\/p>\n<p>Vermutlich bin \u00f6fter gescheitert, als das ich erfolgreich war. Doch ich glaube genau das ist es, wie Leben funktioniert. Man versagt oft, doch je \u00f6fter man scheitert, desto erfolgreicher ist man. Wer ich bin, bringe ich in alles ein, was ich tue. Nicht nur in die Fotografie, sondern in jeden Aspekt meines Lebens. Ich liebe und lebe. Mit anderen Worten: Ich versuche, jeden Moment von ganzem Herzen zu leben.<\/p>\n<p>Der Geschmack von Lakritz, besonders das ganz scharfe, toll. Nahezu \u00fcbergl\u00fccklich macht mich eine dampfende Schale Massaman-Curry. Das tiefe Blau eines klaren Abendhimmels versetzt mich in Staunen und unter dem leuchten der Sterne darf ich mich klein f\u00fchlen. Ein Tag am Meer ist wie hundert Wochen Urlaub. Zeit mit meinen liebsten Menschen, unbezahlbar. Ich liebe schnelles Fahren, Oldtimer und fahrbare Unters\u00e4tze mit viel PS. Musik ist ein wichtiger Bestandteil meines Lebens. Folglich singe ich manchmal vor mich hin. Im Grunde genommen gibt es auch kaum einen Tag ohne Kakao mit Zimt, Eiscafe oder Vanille Latte Macchiato. Es gibt so vieles das mich ausmacht.<\/p>\n<p>Wenn Du mir vor einiger Zeit erz\u00e4hlt h\u00e4ttest, wie mein Leben heute ist. H\u00e4tte ich dir geglaubt? Zumindest h\u00e4tte ich davon getr\u00e4umt und daran gearbeitet, es so werden zu lassen. Fotografin zu sein, nimmt einen sehr gro\u00dfen Platz in meinem Leben ein &#8211; aber es definiert mich nicht.<\/p>\n<p>Jeder ist definiert durch die Erlebnisse in seinem Leben. <a href=\"https:\/\/kristina-bruns.de\/?page_id=69\" target=\"_blank\" rel=\"noopener\">Netzwerken<\/a> ist mir sehr wichtig und ich rede gerne mit Menschen. Sie teilen ihr Leben und ihre Erlebnisse mit mir. Ich liebe das! Gerne spreche ich frei dar\u00fcber, wer ich bin und was ich erlebt habe. Ich teile es gerne, denn das alles ist, was mich jetzt ausmacht. Das ist, warum ich heute bin, wer ich bin.<\/p>\n<p>Wir haben alle etwas, dass andere nicht haben, das macht uns wahrhaft einzigartig. Das sind wir, das ist wie wir sind. Es ist interessant, spannend und wundervoll.<\/p>\n<p>Ich bin Kristina Bruns.<\/p>\n<p><img loading=\"lazy\" decoding=\"async\" class=\" wp-image-167\" src=\"https:\/\/kristina-bruns.de\/wp-content\/uploads\/2017\/05\/Kristina-Bruns_kb_klein-300x200.jpg\" alt=\"Kristina Bruns - Fotografin aus Witten NRW\" width=\"372\" height=\"248\" srcset=\"https:\/\/kristina-bruns.de\/wp-content\/uploads\/2017\/05\/Kristina-Bruns_kb_klein-300x200.jpg 300w, https:\/\/kristina-bruns.de\/wp-content\/uploads\/2017\/05\/Kristina-Bruns_kb_klein-768x512.jpg 768w, https:\/\/kristina-bruns.de\/wp-content\/uploads\/2017\/05\/Kristina-Bruns_kb_klein.jpg 850w\" sizes=\"auto, (max-width: 372px) 100vw, 372px\" \/><\/p>\n<h4>Mein Leben:<\/h4>\n<p>Ich bin im Dezember 1982 geboren und aufgewachsen im wundersch\u00f6nen Aachen. Nach dem Besuch von Kindergarten, Grundschule und Gymnasium, fand ich meinen Weg in die Berufswelt. Es sollte etwas kreatives sein. Ein erf\u00fcllender, abwechslungsreicher und spannender Beruf. Und so habe ich, im \u00e4ltesten <a href=\"http:\/\/www.preim.de\" target=\"_blank\" rel=\"noopener\">Fotohaus Deutschlands<\/a>, meine Ausbildung zur Fotografin absolviert und 2008 erfolgreich abgeschlossen.<\/p>\n<p>2011 entdeckte ich das Ruhrgebiet f\u00fcr mich. Genauer gesagt Bochum. Dort habe ich mein erstes Fotostudio er\u00f6ffnet. Es folgte eine kleine Odysee zwischen Bochum, Aachen, Bochum und Gevelsberg. Demnach war der Wunsch wieder etwas Ruhe einkehren zu lassen gro\u00df. Deshalb \u00fcbernahm ich dann 2013 ein Studio in Witten-Herbede. Trotzdem kehrte vorerst nicht wirklich Ruhe ein. Mitte 2015 hie\u00df es dann umziehen. Deswegen findet man mein <a href=\"http:\/\/www.fotostudio-witten.de\" target=\"_blank\" rel=\"noopener\">Studio<\/a> seitdem in der Wittener Innenstadt.<\/p>\n<h4>Und sonst so:<\/h4>\n<p>Neben der Fotografie, welche Hobby und Beruf(ung) ist, habe ich noch weitere und vorallem kreative Hobbies und Interessen. So f\u00fcllt meine bunte Stoffesammlung einen ziemlich gro\u00dfen Schrank. Perlion\u00e4rin bin ich auch. Papier, B\u00e4nder, Kleber, Steine, Wolle, H\u00e4kel- und Stricknadeln, Filz und Holz sowie diverse Farben f\u00fcllen Kisten und Regale. Eigentlich findet man \u00fcberall in der Wohnung Bastelkram.<\/p>\n<p>Bin ich mal nicht am Werkeln, dann findet man mich Draussen oder in der K\u00fcche. Dort wird aus leckeren, manchmal sogar eigens gezognenen Zutaten &#8211; Ketchup, Senf oder Chutney gekocht. Am Wochenende werden Beeren gesammlt. Davon mache ich Marmelade oder Saft. Und wann immer Zeit ist, wird lecker gekocht oder gebacken. Auf langen Spazierg\u00e4ngen sammele ich Wildkr\u00e4uter oder pfl\u00fccke Blumenstr\u00e4usse.<\/p>\n<p>Alles in Allem bin ich eigentlich immer kreativ. Es macht mir sehr viel Spa\u00df, mich auszutauschen und die Welt, dadurch wer ich bin, meine Kreativit\u00e4t und meinen Beruf jeden Tag ein bischen bunter zu machen.<\/p>\n<p>Ihre Kristina Bruns<\/p>\n<p>&nbsp;<\/p>\n<\/div>\n<\/article>\n<\/div>\n<\/div>\n<\/div>\n<\/div>\n","protected":false},"excerpt":{"rendered":"<p>Das bin ich: Meine Lieblingsfarbe ist petrol. Ich liebe den Geruch von nassem Asphalt nach dem Regen, wenn die Sonne beginnt ihn zu trocknen. Bin Freundin, Schwester, Enkelin und Tochter. Lache und weine, aber lache devinitiv mehr, als ich weine. Ich bin leise und ich bin laut. Ich habe gelernt mich zu nehmen wie ich [&hellip;]<\/p>\n","protected":false},"author":1,"featured_media":106,"parent":0,"menu_order":0,"comment_status":"closed","ping_status":"closed","template":"","meta":{"footnotes":""},"class_list":["post-7","page","type-page","status-publish","has-post-thumbnail","czr-hentry"],"_links":{"self":[{"href":"https:\/\/kristina-bruns.de\/index.php?rest_route=\/wp\/v2\/pages\/7","targetHints":{"allow":["GET"]}}],"collection":[{"href":"https:\/\/kristina-bruns.de\/index.php?rest_route=\/wp\/v2\/pages"}],"about":[{"href":"https:\/\/kristina-bruns.de\/index.php?rest_route=\/wp\/v2\/types\/page"}],"author":[{"embeddable":true,"href":"https:\/\/kristina-bruns.de\/index.php?rest_route=\/wp\/v2\/users\/1"}],"replies":[{"embeddable":true,"href":"https:\/\/kristina-bruns.de\/index.php?rest_route=%2Fwp%2Fv2%2Fcomments&post=7"}],"version-history":[{"count":8,"href":"https:\/\/kristina-bruns.de\/index.php?rest_route=\/wp\/v2\/pages\/7\/revisions"}],"predecessor-version":[{"id":172,"href":"https:\/\/kristina-bruns.de\/index.php?rest_route=\/wp\/v2\/pages\/7\/revisions\/172"}],"wp:featuredmedia":[{"embeddable":true,"href":"https:\/\/kristina-bruns.de\/index.php?rest_route=\/wp\/v2\/media\/106"}],"wp:attachment":[{"href":"https:\/\/kristina-bruns.de\/index.php?rest_route=%2Fwp%2Fv2%2Fmedia&parent=7"}],"curies":[{"name":"wp","href":"https:\/\/api.w.org\/{rel}","templated":true}]}}