{"id":69,"date":"2017-06-01T21:36:21","date_gmt":"2017-06-01T21:36:21","guid":{"rendered":"http:\/\/kristina-bruns.de\/?page_id=69"},"modified":"2017-06-13T21:32:24","modified_gmt":"2017-06-13T21:32:24","slug":"netzwerk","status":"publish","type":"page","link":"https:\/\/kristina-bruns.de\/?page_id=69","title":{"rendered":"Netzwerk"},"content":{"rendered":"<p><img loading=\"lazy\" decoding=\"async\" class=\"size-full wp-image-118 alignleft\" src=\"https:\/\/kristina-bruns.de\/wp-content\/uploads\/2017\/06\/netzwerk_kb.jpg\" alt=\"netzwerk_kb\" width=\"250\" height=\"270\" \/><\/p>\n<p>Kommunikation ist so wichtig und f\u00fcr mich war sie das auch schon immer. Ohne Sie w\u00fcrde ich viele Menschen nicht kennen, meinen Beruf nicht aus\u00fcben k\u00f6nnen und garantiert nicht so gl\u00fccklich sein, denn ich liebe es mich mit tollen Menschen zu fesselnden, spannenden, kreativen und manchmal auch einfach nur &#8222;Gott-und-die-Welt&#8220; Gespr\u00e4chen zu treffen. Der Austausch mit anderen inspiriert, macht wissender, ist interessant und wird mir nie langweilig.<\/p>\n<p>Doch nicht nur vis a vis, das Internet hat die Kommunikation auf ein v\u00f6llig neues Level gehoben.<\/p>\n<p>Als \u201e<a href=\"https:\/\/de.wikipedia.org\/wiki\/Digital_Native\" target=\"_blank\" rel=\"noopener\">digital native<\/a>\u201c bin ich mit Computern gro\u00df geworden. Ganz am Anfang fesselte mich <a href=\"https:\/\/de.wikipedia.org\/wiki\/Frogger\" target=\"_blank\" rel=\"noopener\">Frogger<\/a> auf dem C64 meines Dads und Mitte der 90er kam dann das Internet ins Haus. Doch noch hatte ich nicht viel damit am Hut und netzwerkte auf herk\u00f6mmliche Art \u2013 Real Life, Real People. Erst gegen Ende der 90er nutzte ich es dann, um eine Band zu suchen, in welcher ich singen wollte. Schnell lernte ich ein paar Leute kennen und die Band \u201eDreams of Phobos\u201c war gegr\u00fcndet. Nach zwei Auftritten vor mehr als 500 Leuten und einigen kleineren H\u00f6henfl\u00fcgen einiger Bandmitglieder kam das Aus. Doch eine Menge tolle Menschen die ich so kennengelernt hatte, blieben mir. Durch diese Menschen, unter anderem meinen besten Freund, lernte ich eine echt tolle Truppe Rollenspieler kennen und meine beste Freundin ihren Mann. Viele Bekanntschaften ergaben sich \u00fcber das Internet und 2011 in Bochum angekommen, erm\u00f6glichte mir das Netzwerken, vielmehr <a href=\"http:\/\/www.dawanda.de\" target=\"_blank\" rel=\"noopener\">DaWanda,<\/a> die M\u00f6glichkeit einen Stammtisch f\u00fcr Kreative ins Leben zu rufen. Dieser lief zun\u00e4chst nicht so gut an, doch ich lernte meine Bochum-Beste-Freundin Katrin kennen. 2012 starteten wir einen weitern Stammtischversuch, wieder \u00fcber DaWanda und diesmal gings rund. Heute z\u00e4hle ich die meisten der M\u00e4dels, der <a href=\"http:\/\/www.kreative-koepfe-ruhr.de\" target=\"_blank\" rel=\"noopener\">Kreativen K\u00f6pfe Ruhr<\/a>, zu meinem Freundeskreis und es hat sich ein tolles Netzwerk gebildet.<\/p>\n<p>Was ich damit sagen m\u00f6chte:<\/p>\n<p>Netzwerken ist wichtig und macht Spa\u00df. Egal ob digital oder analog, man lernt soviele neue Leute kennen und es entstehen neue Freundschaften. Selbst wenn man hunderte von Kilometern getrennt ist, hat man die M\u00f6glichkeit dieses Netzwerk aufrecht zu erhalten. Ich liebe es mit all diesen tollen Menschen in Kontakt zu stehen und mich \u00fcber verschiedenste Themen auszutauschen.<\/p>\n<p>Netzwerken hat mich bewegt und wird dies auch weiterhin tun. Denn Kommunikation ist wichtig und ein gutes Netz auch.<\/p>\n<p>Sie m\u00f6chten sich mit mir vernetzen?<\/p>\n<p>Schauen Sie <a href=\"https:\/\/kristina-bruns.de\/?page_id=8\">hier<\/a> vorbei.<\/p>\n<p><span style=\"border-radius: 2px; text-indent: 20px; width: auto; padding: 0px 4px 0px 0px; text-align: center; font: bold 11px\/20px 'Helvetica Neue',Helvetica,sans-serif; color: #ffffff; background: #bd081c no-repeat scroll 3px 50% \/ 14px 14px; position: absolute; opacity: 1; z-index: 8675309; display: none; cursor: pointer; top: 44px; left: 20px;\">Merken<\/span><\/p>\n<p><span style=\"border-radius: 2px; text-indent: 20px; width: auto; padding: 0px 4px 0px 0px; text-align: center; font: bold 11px\/20px 'Helvetica Neue',Helvetica,sans-serif; color: #ffffff; background: #bd081c  no-repeat scroll 3px 50% \/ 14px 14px; position: absolute; opacity: 1; z-index: 8675309; display: none; cursor: pointer; top: 44px; left: 20px;\">Merken<\/span><\/p>\n","protected":false},"excerpt":{"rendered":"<p>Kommunikation ist so wichtig und f\u00fcr mich war sie das auch schon immer. Ohne Sie w\u00fcrde ich viele Menschen nicht kennen, meinen Beruf nicht aus\u00fcben k\u00f6nnen und garantiert nicht so gl\u00fccklich sein, denn ich liebe es mich mit tollen Menschen zu fesselnden, spannenden, kreativen und manchmal auch einfach nur &#8222;Gott-und-die-Welt&#8220; Gespr\u00e4chen zu treffen. Der Austausch [&hellip;]<\/p>\n","protected":false},"author":1,"featured_media":118,"parent":0,"menu_order":0,"comment_status":"closed","ping_status":"closed","template":"","meta":{"footnotes":""},"class_list":["post-69","page","type-page","status-publish","has-post-thumbnail","czr-hentry"],"_links":{"self":[{"href":"https:\/\/kristina-bruns.de\/index.php?rest_route=\/wp\/v2\/pages\/69","targetHints":{"allow":["GET"]}}],"collection":[{"href":"https:\/\/kristina-bruns.de\/index.php?rest_route=\/wp\/v2\/pages"}],"about":[{"href":"https:\/\/kristina-bruns.de\/index.php?rest_route=\/wp\/v2\/types\/page"}],"author":[{"embeddable":true,"href":"https:\/\/kristina-bruns.de\/index.php?rest_route=\/wp\/v2\/users\/1"}],"replies":[{"embeddable":true,"href":"https:\/\/kristina-bruns.de\/index.php?rest_route=%2Fwp%2Fv2%2Fcomments&post=69"}],"version-history":[{"count":6,"href":"https:\/\/kristina-bruns.de\/index.php?rest_route=\/wp\/v2\/pages\/69\/revisions"}],"predecessor-version":[{"id":124,"href":"https:\/\/kristina-bruns.de\/index.php?rest_route=\/wp\/v2\/pages\/69\/revisions\/124"}],"wp:featuredmedia":[{"embeddable":true,"href":"https:\/\/kristina-bruns.de\/index.php?rest_route=\/wp\/v2\/media\/118"}],"wp:attachment":[{"href":"https:\/\/kristina-bruns.de\/index.php?rest_route=%2Fwp%2Fv2%2Fmedia&parent=69"}],"curies":[{"name":"wp","href":"https:\/\/api.w.org\/{rel}","templated":true}]}}